{"id":131,"date":"2025-06-21T20:57:04","date_gmt":"2025-06-21T20:57:04","guid":{"rendered":"https:\/\/xplorteam.com\/?page_id=131"},"modified":"2026-01-04T19:50:25","modified_gmt":"2026-01-04T19:50:25","slug":"home","status":"publish","type":"page","link":"https:\/\/xplorteam.com\/","title":{"rendered":"HOME"},"content":{"rendered":"\n<div class=\"wp-block-stackable-hero stk-block-hero stk-block stk-5e07b3a is-style-default\" data-v=\"2\" data-block-id=\"5e07b3a\"><style>.stk-5e07b3a-inner-blocks{justify-content:center !important;}.stk-5e07b3a {margin-bottom:0px !important;}.stk-5e07b3a .stk-block-hero__content{min-height:500px !important;align-items:center !important;display:flex !important;}<\/style><div class=\"stk-block-hero__content stk-content-align stk-5e07b3a-column stk-container stk-5e07b3a-container stk-hover-parent\"><div class=\"stk-block-content stk-inner-blocks has-text-align-center stk--column-flex stk-5e07b3a-inner-blocks\">\n<div class=\"wp-block-stackable-heading alignfull stk-block-heading stk-block-heading--v2 stk-block stk-8d4f311\" id=\"hello-thank-you-for-visiting-xplor-home-inspections-sorry-im-not-home-right-now-the-xplor-team-site-is-under-construction-get-in-touch-a-href-tel-2246773287-2246773287-a-or-a-href-mailto-george-xplorteam-com-george-xplorteam-com-a\" data-block-id=\"8d4f311\"><style>.stk-8d4f311 {margin-bottom:100px !important;}<\/style><h4 class=\"stk-block-heading__text has-text-align-center\">Hello. Thank you for visiting Xpl\u00f4r Home Inspections. Sorry I&#8217;m not home right now.  The Xpl\u00f4rTeam site is under construction. Get in touch <a href=\"tel:2246773287\">2246773287 <\/a>or <a href=\"mailto:george@xplorteam.com\">george@xplorteam.com<\/a><\/h4><\/div>\n<\/div><\/div><\/div>\n\n\n\n<div class=\"wp-block-stackable-heading stk-block-heading stk-block-heading--v2 stk-block stk-b4c059f\" id=\"xplor-home-inspections-br\" data-block-id=\"b4c059f\"><style>.stk-b4c059f {margin-bottom:0px !important;}<\/style><h2 class=\"stk-block-heading__text has-text-align-center\">Xpl\u00f4r Home Inspections<br><\/h2><\/div>\n\n\n\n<div class=\"wp-block-stackable-text stk-block-text stk-block stk-a546c05\" data-block-id=\"a546c05\"><style>.stk-a546c05 {margin-bottom:10px !important;}.stk-a546c05 .stk-block-text__text{font-size:var(--stk--preset--font-size--medium, 20px) !important;color:#0f0e17 !important;}@media screen and (max-width:999px){.stk-a546c05 .stk-block-text__text{font-size:var(--stk--preset--font-size--medium, 20px) !important;}}<\/style><p class=\"stk-block-text__text has-text-color has-text-align-center\"><strong>Mission Statement<\/strong><\/p><\/div>\n\n\n\n<div class=\"wp-block-stackable-text stk-block-text stk-block stk-3f5a355\" data-block-id=\"3f5a355\"><style>.stk-3f5a355 {margin-bottom:110px !important;}.stk-3f5a355 .stk-block-text__text{color:#0f0e17 !important;}<\/style><p class=\"stk-block-text__text has-text-color has-text-align-center\">You have put an offer on a property, and want to make sure the systems are in good working order. Xpl\u00f4r Home Inspections and the team are equipped to service. You made it this far because you answered &#8220;Yes&#8221; to the question: &#8220;Do I even need a home inspector?&#8221;. Smart decision! Purchasing a home can be overwhelming, at first. We understand the magnitude of your investment. We take pride in providing thorough home inspections. Our unbiased inspection reports provide insight in knowing what repairs can be expected, giving you the knowledge to make an educated decision on your real estate transaction.<\/p><\/div>\n\n\n\n<div class=\"wp-block-stackable-text stk-block-text stk-block stk-e1ebcf4\" data-block-id=\"e1ebcf4\"><style>.stk-e1ebcf4 {margin-bottom:0px !important;}.stk-e1ebcf4 .stk-block-text__text{color:#0f0e17 !important;}<\/style><p class=\"stk-block-text__text has-text-color has-text-align-center\">We offer ancillary services such as <strong>WDO \/ Pests; Mold Testing; Radon Testing and Sewer Scope<\/strong>. These services are are additional fee the the standard home inspection. Discounted fees will be applied any ancillary services booked with a home inspection, and conducted at the time of the home inspection.<\/p><\/div>\n\n\n\n<div class=\"wp-block-stackable-feature-grid alignwide stk-block-feature-grid stk-block-columns stk-block stk-d086768 is-style-default\" data-block-id=\"d086768\"><style>.stk-d086768 {margin-bottom:75px !important;}<\/style><div class=\"stk-row stk-inner-blocks has-text-align-center stk-block-content stk-content-align stk-d086768-column alignwide\">\n<div class=\"wp-block-stackable-column stk-block-column stk-column stk-block stk-0fdf73e\" data-v=\"4\" data-block-id=\"0fdf73e\"><div class=\"stk-column-wrapper stk-block-column__content stk-container stk-0fdf73e-container stk-hover-parent\"><div class=\"stk-block-content stk-inner-blocks stk-0fdf73e-inner-blocks\">\n<div class=\"wp-block-stackable-image stk-block-image stk-block stk-6617ef8\" data-block-id=\"6617ef8\"><\/div>\n\n\n\n<div class=\"wp-block-stackable-heading stk-block-heading stk-block-heading--v2 stk-block stk-a405741\" id=\"wdo-pests\" data-block-id=\"a405741\"><style>.stk-a405741 .stk-block-heading__text{text-shadow:6px 6px 4px #78787833 !important;}<\/style><h3 class=\"stk-block-heading__text\">WDO \/ Pests<\/h3><\/div>\n\n\n\n<p><strong>(Wood Destroying Organisms)<\/strong><\/p>\n\n\n\n<div class=\"wp-block-stackable-text stk-block-text stk-block stk-251f253\" data-block-id=\"251f253\"><p class=\"stk-block-text__text\">Wood Destroying Organisms such as termites and other insects, pests such as rodents and other vermin, can cause damage to the property. We look for evidence of WDO or Pest intrusion during your home inspection. Depending on the type of loan, some lenders require a WDO inspection report. <\/p><\/div>\n\n\n\n<div class=\"wp-block-stackable-button-group stk-block-button-group stk-block stk-f8da55c\" data-block-id=\"f8da55c\"><div class=\"stk-row stk-inner-blocks stk-block-content stk-button-group\">\n<div class=\"wp-block-stackable-button stk-block-button is-style-plain stk-block stk-9250ef9\" data-block-id=\"9250ef9\"><style>.stk-9250ef9 .stk-button{background:transparent !important;}<\/style><a class=\"stk-link stk-button stk--hover-effect-darken\" href=\"\"><span class=\"stk--svg-wrapper\"><div class=\"stk--inner-svg\"><svg xmlns=\"http:\/\/www.w3.org\/2000\/svg\" viewBox=\"0 0 576 512\" aria-hidden=\"true\" width=\"32\" height=\"32\"><path d=\"M164.5 107.4l33.4-73.5c5.5-12.1 .1-26.3-11.9-31.8s-26.3-.1-31.8 11.9L128 71.7 101.9 14.1C96.4 2 82.1-3.3 70.1 2.1S52.7 21.9 58.1 33.9l33.4 73.5c-10.2 7.1-18.2 17-22.9 28.6h-17l-4.1-20.7c-2.6-13-15.2-21.4-28.2-18.8S-2.1 111.7 .5 124.7l8 40C10.7 175.9 20.6 184 32 184H64v23.3l-37.8 9.5c-9.5 2.4-16.6 10.2-17.9 19.9l-8 56c-1.9 13.1 7.2 25.3 20.4 27.2s25.3-7.2 27.2-20.4l5.7-40 18.4-4.6C82.7 274.6 103.8 288 128 288s45.3-13.4 56.1-33.2l18.4 4.6 5.7 40c1.9 13.1 14 22.2 27.2 20.4s22.2-14 20.4-27.2l-8-56c-1.4-9.7-8.5-17.5-17.9-19.9L192 207.3V184h32c11.4 0 21.3-8.1 23.5-19.3l8-40c2.6-13-5.8-25.6-18.8-28.2s-25.6 5.8-28.2 18.8L204.3 136h-17c-4.7-11.6-12.7-21.5-22.9-28.6zM496 286.5l65.6-47c10.8-7.7 13.3-22.7 5.6-33.5s-22.7-13.3-33.5-5.6l-51.4 36.8 6.1-62.9c1.3-13.2-8.4-24.9-21.6-26.2s-24.9 8.4-26.2 21.6L432.8 250c-12.3 1-24.2 5.6-34.1 13.3L384 254.8l6.8-20c4.2-12.6-2.5-26.2-15-30.4s-26.2 2.5-30.4 15l-13.1 38.6c-3.7 10.8 .8 22.8 10.7 28.5l27.7 16L359 322.7 321.5 312c-9.4-2.7-19.5 .6-25.5 8.3l-34.9 44.5c-8.2 10.4-6.4 25.5 4.1 33.7s25.5 6.4 33.7-4.1l25-31.8 18.2 5.2c-.5 22.6 11 44.7 32 56.8s45.9 11 65.2-.7l13.6 13.2-15.1 37.5c-4.9 12.3 1 26.3 13.3 31.2s26.3-1 31.2-13.3L503.5 440c3.6-9.1 1.4-19.4-5.6-26.2l-28-27.1 11.6-20.1 27.7 16c9.9 5.7 22.5 3.7 30-4.9L566.2 347c8.7-10 7.8-25.1-2.2-33.9s-25.1-7.8-33.9 2.2l-13.9 15.9-14.7-8.5c1.7-12.4-.2-25-5.5-36.2z\"\/><\/svg><\/div><\/span><span class=\"stk-button__inner-text\">Learn More<\/span><\/a><\/div>\n<\/div><\/div>\n<\/div><\/div><\/div>\n\n\n\n<div class=\"wp-block-stackable-column stk-block-column stk-column stk-block stk-d510fd8\" data-v=\"4\" data-block-id=\"d510fd8\"><div class=\"stk-column-wrapper stk-block-column__content stk-container stk-d510fd8-container stk-hover-parent\"><div class=\"stk-block-content stk-inner-blocks stk-d510fd8-inner-blocks\">\n<div class=\"wp-block-stackable-image stk-block-image stk-block stk-ed077d8\" data-block-id=\"ed077d8\"><\/div>\n\n\n\n<div class=\"wp-block-stackable-heading stk-block-heading stk-block-heading--v2 stk-block stk-0e609d5\" id=\"mold\" data-block-id=\"0e609d5\"><style>.stk-0e609d5 .stk-block-heading__text{text-shadow:6px 6px 4px #78787833 !important;}<\/style><h3 class=\"stk-block-heading__text\">Mold <\/h3><\/div>\n\n\n\n<div class=\"wp-block-stackable-text stk-block-text stk-block stk-2e6e11d\" data-block-id=\"2e6e11d\"><p class=\"stk-block-text__text\">Mold is more common than people tend to think. It is not just an issue of lacking cleanliness, but rather inadequate ventilation that in most cases is the cause. If left untreated, mold can have an effect on your families health and well being, in addition to jeopardizing the integrity of  structural components of the home. Unfortunately, mold may not always be visible. Fortunately, the Xplor Team offers mold testing either by surface and\/or air samples. <\/p><\/div>\n\n\n\n<div class=\"wp-block-stackable-button-group stk-block-button-group stk-block stk-5057b74\" data-block-id=\"5057b74\"><div class=\"stk-row stk-inner-blocks stk-block-content stk-button-group\">\n<div class=\"wp-block-stackable-button stk-block-button is-style-plain stk-block stk-91fb45b\" data-block-id=\"91fb45b\"><style>.stk-91fb45b .stk-button{background:transparent !important;}<\/style><a class=\"stk-link stk-button stk--hover-effect-darken\" href=\"\"><span class=\"stk--svg-wrapper\"><div class=\"stk--inner-svg\"><svg xmlns=\"http:\/\/www.w3.org\/2000\/svg\" viewBox=\"0 0 512 512\" aria-hidden=\"true\" width=\"32\" height=\"32\"><path d=\"M192 24c0-13.3 10.7-24 24-24h80c13.3 0 24 10.7 24 24s-10.7 24-24 24H280V81.6c30.7 4.2 58.8 16.3 82.3 34.1L386.1 92 374.8 80.6c-9.4-9.4-9.4-24.6 0-33.9s24.6-9.4 33.9 0l56.6 56.6c9.4 9.4 9.4 24.6 0 33.9s-24.6 9.4-33.9 0L420 125.9l-23.8 23.8c17.9 23.5 29.9 51.7 34.1 82.3H464V216c0-13.3 10.7-24 24-24s24 10.7 24 24v80c0 13.3-10.7 24-24 24s-24-10.7-24-24V280H430.4c-4.2 30.7-16.3 58.8-34.1 82.3L420 386.1l11.3-11.3c9.4-9.4 24.6-9.4 33.9 0s9.4 24.6 0 33.9l-56.6 56.6c-9.4 9.4-24.6 9.4-33.9 0s-9.4-24.6 0-33.9L386.1 420l-23.8-23.8c-23.5 17.9-51.7 29.9-82.3 34.1V464h16c13.3 0 24 10.7 24 24s-10.7 24-24 24H216c-13.3 0-24-10.7-24-24s10.7-24 24-24h16V430.4c-30.7-4.2-58.8-16.3-82.3-34.1L125.9 420l11.3 11.3c9.4 9.4 9.4 24.6 0 33.9s-24.6 9.4-33.9 0L46.7 408.7c-9.4-9.4-9.4-24.6 0-33.9s24.6-9.4 33.9 0L92 386.1l23.8-23.8C97.9 338.8 85.8 310.7 81.6 280H48v16c0 13.3-10.7 24-24 24s-24-10.7-24-24V216c0-13.3 10.7-24 24-24s24 10.7 24 24v16H81.6c4.2-30.7 16.3-58.8 34.1-82.3L92 125.9 80.6 137.2c-9.4 9.4-24.6 9.4-33.9 0s-9.4-24.6 0-33.9l56.6-56.6c9.4-9.4 24.6-9.4 33.9 0s9.4 24.6 0 33.9L125.9 92l23.8 23.8c23.5-17.9 51.7-29.9 82.3-34.1V48H216c-13.3 0-24-10.7-24-24zm48 200a48 48 0 1 0 -96 0 48 48 0 1 0 96 0zm64 104a24 24 0 1 0 0-48 24 24 0 1 0 0 48z\"\/><\/svg><\/div><\/span><span class=\"stk-button__inner-text\">Learn More<\/span><\/a><\/div>\n<\/div><\/div>\n<\/div><\/div><\/div>\n\n\n\n<div class=\"wp-block-stackable-column stk-block-column stk-column stk-block stk-7fa667a\" data-v=\"4\" data-block-id=\"7fa667a\"><div class=\"stk-column-wrapper stk-block-column__content stk-container stk-7fa667a-container stk-hover-parent\"><div class=\"stk-block-content stk-inner-blocks stk-7fa667a-inner-blocks\">\n<div class=\"wp-block-stackable-image stk-block-image stk-block stk-0815fd6\" data-block-id=\"0815fd6\"><\/div>\n\n\n\n<div class=\"wp-block-stackable-heading stk-block-heading stk-block-heading--v2 stk-block stk-86d6bfe\" id=\"radon\" data-block-id=\"86d6bfe\"><style>.stk-86d6bfe .stk-block-heading__text{text-shadow:6px 6px 4px #78787833 !important;}<\/style><h3 class=\"stk-block-heading__text\">Radon <\/h3><\/div>\n\n\n\n<div class=\"wp-block-stackable-text stk-block-text stk-block stk-3cb3549\" data-block-id=\"3cb3549\"><style>.stk-3cb3549 .stk-block-text__text{text-shadow:none !important;}<\/style><p class=\"stk-block-text__text\">Radon is a colorless, odorless, radioactive gas, produced from the decay of uranium in soil, rock and water. Long term exposure to radon is the second leading cause of lung cancer in the U.S. Radon exists.  Knowing the radon levels in your property is essential for determining if a radon mitigation system is necessary to install, for the health, safety and well-being of your family.<\/p><\/div>\n\n\n\n<div class=\"wp-block-stackable-button-group stk-block-button-group stk-block stk-1b1097d\" data-block-id=\"1b1097d\"><div class=\"stk-row stk-inner-blocks stk-block-content stk-button-group\">\n<div class=\"wp-block-stackable-button stk-block-button is-style-plain stk-block stk-86dc92d\" data-block-id=\"86dc92d\"><style>.stk-86dc92d .stk-button{background:transparent !important;}<\/style><a class=\"stk-link stk-button stk--hover-effect-darken\" href=\"\"><span class=\"stk--svg-wrapper\"><div class=\"stk--inner-svg\"><svg xmlns=\"http:\/\/www.w3.org\/2000\/svg\" viewBox=\"0 0 640 512\" aria-hidden=\"true\" width=\"32\" height=\"32\"><path d=\"M320 0c17.7 0 32 14.3 32 32V156.2c-8.5-7.6-19.7-12.2-32-12.2s-23.5 4.6-32 12.2V32c0-17.7 14.3-32 32-32zM444.5 195.5c-16.4-16.4-41.8-18.5-60.5-6.1V165.3C384 127 415 96 453.3 96c21.7 0 42.8 10.2 55.8 28.8c15.4 22.1 44.3 65.4 71 116.9c26.5 50.9 52.4 112.5 59.6 170.3c.2 1.3 .2 2.6 .2 4v7c0 49.1-39.8 89-89 89c-7.3 0-14.5-.9-21.6-2.7l-72.7-18.2c-20.9-5.2-38.7-17.1-51.5-32.9c14 1.5 28.5-3 39.2-13.8l-22.6-22.6 22.6 22.6c18.7-18.7 18.7-49.1 0-67.9c-1.1-1.1-1.4-2-1.5-2.5c-.1-.8-.1-1.8 .4-2.9s1.2-1.9 1.8-2.3c.5-.3 1.3-.8 2.9-.8c26.5 0 48-21.5 48-48s-21.5-48-48-48c-1.6 0-2.4-.4-2.9-.8c-.6-.4-1.3-1.2-1.8-2.3s-.5-2.2-.4-2.9c.1-.6 .4-1.4 1.5-2.5c18.7-18.7 18.7-49.1 0-67.9zM421.8 421.8c-6.2 6.2-16.4 6.2-22.6 0C375.9 398.5 336 415 336 448c0 8.8-7.2 16-16 16s-16-7.2-16-16c0-33-39.9-49.5-63.2-26.2c-6.2 6.2-16.4 6.2-22.6 0s-6.2-16.4 0-22.6C241.5 375.9 225 336 192 336c-8.8 0-16-7.2-16-16s7.2-16 16-16c33 0 49.5-39.9 26.2-63.2c-6.2-6.2-6.2-16.4 0-22.6s16.4-6.2 22.6 0C264.1 241.5 304 225 304 192c0-8.8 7.2-16 16-16s16 7.2 16 16c0 33 39.9 49.5 63.2 26.2c6.2-6.2 16.4-6.2 22.6 0s6.2 16.4 0 22.6C398.5 264.1 415 304 448 304c8.8 0 16 7.2 16 16s-7.2 16-16 16c-33 0-49.5 39.9-26.2 63.2c6.2 6.2 6.2 16.4 0 22.6zM183.3 491.2l-72.7 18.2c-7.1 1.8-14.3 2.7-21.6 2.7c-49.1 0-89-39.8-89-89v-7c0-1.3 .1-2.7 .2-4c7.2-57.9 33.1-119.4 59.6-170.3c26.8-51.5 55.6-94.8 71-116.9c13-18.6 34-28.8 55.8-28.8C225 96 256 127 256 165.3v24.1c-18.6-12.4-44-10.3-60.5 6.1c-18.7 18.7-18.7 49.1 0 67.9c1.1 1.1 1.4 2 1.5 2.5c.1 .8 .1 1.8-.4 2.9s-1.2 1.9-1.8 2.3c-.5 .3-1.3 .8-2.9 .8c-26.5 0-48 21.5-48 48s21.5 48 48 48c1.6 0 2.4 .4 2.9 .8c.6 .4 1.3 1.2 1.8 2.3s.5 2.2 .4 2.9c-.1 .6-.4 1.4-1.5 2.5c-18.7 18.7-18.7 49.1 0 67.9c10.7 10.7 25.3 15.3 39.2 13.8c-12.8 15.9-30.6 27.7-51.5 32.9zM296 320a24 24 0 1 0 0-48 24 24 0 1 0 0 48zm72 32a16 16 0 1 0 -32 0 16 16 0 1 0 32 0z\"\/><\/svg><\/div><\/span><span class=\"stk-button__inner-text\">Learn More<\/span><\/a><\/div>\n<\/div><\/div>\n<\/div><\/div><\/div>\n\n\n\n<div class=\"wp-block-stackable-column stk-block-column stk-column stk-block stk-40b4e79\" data-v=\"4\" data-block-id=\"40b4e79\"><div class=\"stk-column-wrapper stk-block-column__content stk-container stk-40b4e79-container stk-hover-parent\"><div class=\"stk-block-content stk-inner-blocks stk-40b4e79-inner-blocks\">\n<div class=\"wp-block-stackable-image stk-block-image stk-block stk-1188ddf\" data-block-id=\"1188ddf\"><\/div>\n\n\n\n<div class=\"wp-block-stackable-heading stk-block-heading stk-block-heading--v2 stk-block stk-4ffa92c\" id=\"sewer-scope\" data-block-id=\"4ffa92c\"><style>.stk-4ffa92c .stk-block-heading__bottom-line{width:0px !important;background-color:#0f0e17 !important;}.stk-4ffa92c .stk-block-heading__text{text-shadow:6px 6px 4px #78787833 !important;}<\/style><h3 class=\"stk-block-heading__text\">Sewer Scope<\/h3><\/div>\n\n\n\n<div class=\"wp-block-stackable-text stk-block-text stk-block stk-de0cb24\" data-block-id=\"de0cb24\"><p class=\"stk-block-text__text\">Where does the waste water go when you flush the toilet? If your main sewer line is clogged, chances are, it is not making it out of your home! A sewer scope is generally recommended to verify if there is any blockage that may need to be cleared, for efficient plumbing drainage. A licensed plumber will run a camera into the drain tubing, record and narrate the inspection, and provide a video file. <\/p><\/div>\n\n\n\n<div class=\"wp-block-stackable-button-group stk-block-button-group stk-block stk-320a936\" data-block-id=\"320a936\"><div class=\"stk-row stk-inner-blocks stk-block-content stk-button-group\">\n<div class=\"wp-block-stackable-button stk-block-button is-style-plain stk-block stk-b8a7fbc\" data-block-id=\"b8a7fbc\"><style>.stk-b8a7fbc .stk-button{background:transparent !important;}<\/style><a class=\"stk-link stk-button stk--hover-effect-darken\" href=\"\"><span class=\"stk--svg-wrapper\"><div class=\"stk--inner-svg\"><svg xmlns=\"http:\/\/www.w3.org\/2000\/svg\" viewBox=\"0 0 576 512\" aria-hidden=\"true\" width=\"32\" height=\"32\"><path d=\"M575.8 255.5c0 18-15 32.1-32 32.1h-32l.7 160.2c.2 35.5-28.5 64.3-64 64.3H128.1c-35.3 0-64-28.7-64-64V287.6H32c-18 0-32-14-32-32.1c0-9 3-17 10-24L266.4 8c7-7 15-8 22-8s15 2 21 7L416 100.7V64c0-17.7 14.3-32 32-32h32c17.7 0 32 14.3 32 32V185l52.8 46.4c8 7 12 15 11 24zM272 192c-8.8 0-16 7.2-16 16v48H208c-8.8 0-16 7.2-16 16v32c0 8.8 7.2 16 16 16h48v48c0 8.8 7.2 16 16 16h32c8.8 0 16-7.2 16-16V320h48c8.8 0 16-7.2 16-16V272c0-8.8-7.2-16-16-16H320V208c0-8.8-7.2-16-16-16H272z\"\/><\/svg><\/div><\/span><span class=\"stk-button__inner-text\">Learn More<\/span><\/a><\/div>\n<\/div><\/div>\n<\/div><\/div><\/div>\n<\/div><\/div>\n\n\n\n<div class=\"wp-block-stackable-heading stk-block-heading stk-block-heading--v2 stk-block stk-3d66b4f\" id=\"contact-xplor\" data-block-id=\"3d66b4f\"><h2 class=\"stk-block-heading__text has-text-align-center\">Contact Xplor<\/h2><\/div>\n\n\n<style>.kadence-form-131_d5dd1f-ea .kb-form .kadence-blocks-form-field .kb-text-style-field, .kadence-form-131_d5dd1f-ea .kb-form .kadence-blocks-form-field .kb-select-style-field{color:#000000;border-width:3px 3px 3px 3px;}.kadence-form-131_d5dd1f-ea .kb-form .kadence-blocks-form-field .kb-forms-submit{color:#d8efff;background:#000000;border-color:rgba(0, 0, 0, 0.85);}.kadence-form-131_d5dd1f-ea .kb-form .kadence-blocks-form-field .kb-forms-submit:hover, .kadence-form-131_d5dd1f-ea .kb-form .kadence-blocks-form-field .kb-forms-submit:focus {color:#cccbcb;}.kb-form input.kadence-blocks-field.verify{opacity:0.0;position:absolute;top:0.0;left:0.0;width:0.0;height:0.0;z-index:-1;}<\/style>\n<div class=\"wp-block-kadence-form kadence-form-131_d5dd1f-ea kb-form-wrap\" id=\"ContactMe\"><form class=\"kb-form\" action=\"\" method=\"post\"><div class=\"kadence-blocks-form-field kb-field-desk-width-100 kb-input-size-small\"><input name=\"kb_field_0\" id=\"kb_field_131_d5dd1f-ea_0\" data-label=\"\" type=\"text\" placeholder=\"Name\" value=\"\" data-type=\"text\" class=\"kb-field kb-text-style-field kb-text-field kb-field-0\" data-required=\"yes\"\/><\/div><div class=\"kadence-blocks-form-field kb-form-field-1 kb-field-desk-width-100 kb-input-size-small\"><input name=\"kb_field_1\" id=\"kb_field_131_d5dd1f-ea_1\" data-label=\"\" type=\"email\" placeholder=\"Email\" value=\"\" data-type=\"email\" class=\"kb-field kb-text-style-field kb-email-field kb-field-1\" data-required=\"yes\"\/><\/div><div class=\"kadence-blocks-form-field kb-form-field-2 kb-field-desk-width-100 kb-input-size-small\"><textarea name=\"kb_field_2\" id=\"kb_field_131_d5dd1f-ea_2\" data-label=\"\" type=\"textarea\" placeholder=\"Tell me how we can serve you. Example: I need a quote for a condo inspection...\" data-type=\"textarea\" class=\"kb-field kb-text-style-field kb-textarea-field kb-field-2\" rows=\"4\" data-required=\"yes\"><\/textarea><\/div><input type=\"hidden\" name=\"_kb_form_id\" value=\"131_d5dd1f-ea\"\/><input type=\"hidden\" name=\"_kb_form_post_id\" value=\"131\"\/><input type=\"hidden\" name=\"action\" value=\"kb_process_ajax_submit\"\/><label class=\"kadence-verify-label\">Email<input class=\"kadence-blocks-field verify\" type=\"text\" name=\"_kb_verify_email\" autocomplete=\"new-password\" aria-hidden=\"true\" placeholder=\"Email\" tabindex=\"-1\" data-1p-ignore=\"true\" data-lpignore=\"true\" \/><\/label><div class=\"kadence-blocks-form-field kb-submit-field kb-field-desk-width-100\"><button class=\"kb-forms-submit button kb-button-size-small kb-button-width-auto\">Submit<\/button><\/div><\/form><\/div>\n<noscript><div class=\"kadence-blocks-form-message kadence-blocks-form-warning\">Please enable JavaScript in your browser to submit the form<\/div><style>.kadence-form-131_d5dd1f-ea .kadence-blocks-form-field.kb-submit-field { display: none; }<\/style><\/noscript>\n\n\n<p><\/p>\n","protected":false},"excerpt":{"rendered":"<p>Hello. Thank you for visiting Xpl\u00f4r Home Inspections. Sorry I&#8217;m not home right now. The Xpl\u00f4rTeam site is under construction. Get in touch 2246773287 or george@xplorteam.com Xpl\u00f4r Home Inspections Mission Statement You have put an offer on a property, and want to make sure the systems are in good working order. Xpl\u00f4r Home Inspections and [&hellip;]<\/p>\n","protected":false},"author":1,"featured_media":0,"parent":0,"menu_order":0,"comment_status":"closed","ping_status":"closed","template":"","meta":{"footnotes":""},"class_list":["post-131","page","type-page","status-publish","hentry"],"blocksy_meta":{"has_hero_section":"disabled","styles_descriptor":{"styles":{"desktop":"","tablet":"","mobile":""},"google_fonts":[],"version":6}},"_links":{"self":[{"href":"https:\/\/xplorteam.com\/index.php?rest_route=\/wp\/v2\/pages\/131","targetHints":{"allow":["GET"]}}],"collection":[{"href":"https:\/\/xplorteam.com\/index.php?rest_route=\/wp\/v2\/pages"}],"about":[{"href":"https:\/\/xplorteam.com\/index.php?rest_route=\/wp\/v2\/types\/page"}],"author":[{"embeddable":true,"href":"https:\/\/xplorteam.com\/index.php?rest_route=\/wp\/v2\/users\/1"}],"replies":[{"embeddable":true,"href":"https:\/\/xplorteam.com\/index.php?rest_route=%2Fwp%2Fv2%2Fcomments&post=131"}],"version-history":[{"count":24,"href":"https:\/\/xplorteam.com\/index.php?rest_route=\/wp\/v2\/pages\/131\/revisions"}],"predecessor-version":[{"id":258,"href":"https:\/\/xplorteam.com\/index.php?rest_route=\/wp\/v2\/pages\/131\/revisions\/258"}],"wp:attachment":[{"href":"https:\/\/xplorteam.com\/index.php?rest_route=%2Fwp%2Fv2%2Fmedia&parent=131"}],"curies":[{"name":"wp","href":"https:\/\/api.w.org\/{rel}","templated":true}]}}